{"id":6,"date":"2025-12-04T12:33:47","date_gmt":"2025-12-04T11:33:47","guid":{"rendered":"https:\/\/www.snack-coldelaforclaz.fr\/?page_id=6"},"modified":"2026-01-20T18:01:19","modified_gmt":"2026-01-20T17:01:19","slug":"accueil","status":"publish","type":"page","link":"https:\/\/www.snack-coldelaforclaz.fr\/","title":{"rendered":"ACCUEIL"},"content":{"rendered":"\t\t<div data-elementor-type=\"wp-page\" data-elementor-id=\"6\" class=\"elementor elementor-6\">\n\t\t\t\t<div class=\"elementor-element elementor-element-daead8e e-con-full e-flex e-con e-parent\" data-id=\"daead8e\" data-element_type=\"container\" data-e-type=\"container\" data-settings=\"{&quot;background_background&quot;:&quot;classic&quot;}\">\n\t\t\t\t<div class=\"elementor-element elementor-element-97adc32 elementor-widget elementor-widget-image\" data-id=\"97adc32\" data-element_type=\"widget\" data-e-type=\"widget\" data-widget_type=\"image.default\">\n\t\t\t\t<div class=\"elementor-widget-container\">\n\t\t\t\t\t\t\t\t\t\t\t\t\t\t\t<img decoding=\"async\" src=\"https:\/\/www.snack-coldelaforclaz.fr\/wp-content\/uploads\/elementor\/thumbs\/troupeau-de-vaches-produisant-du-lait-pour-le-fromage-gruyere-en-france-au-printemps-1-scaled-rfpli6j9mnipsj5wxgqiiwrboq7wbphk2bh73wpnqe.jpg\" title=\"Herd of cows producing milk for Gruyere cheese in France in the spring\" alt=\"A herd of cows producing milk for Gruyere cheese in France in the spring\" loading=\"lazy\" \/>\t\t\t\t\t\t\t\t\t\t\t\t\t\t\t<\/div>\n\t\t\t\t<\/div>\n\t\t<div class=\"elementor-element elementor-element-d53dd46 e-con-full e-flex e-con e-child\" data-id=\"d53dd46\" data-element_type=\"container\" data-e-type=\"container\">\n\t\t\t\t<div class=\"elementor-element elementor-element-8b91ec1 elementor-widget elementor-widget-heading\" data-id=\"8b91ec1\" data-element_type=\"widget\" data-e-type=\"widget\" data-widget_type=\"heading.default\">\n\t\t\t\t<div class=\"elementor-widget-container\">\n\t\t\t\t\t<h2 class=\"elementor-heading-title elementor-size-default\">A la Ferme du Col de la Forclaz<\/h2>\t\t\t\t<\/div>\n\t\t\t\t<\/div>\n\t\t\t\t<div class=\"elementor-element elementor-element-8a29bff elementor-widget elementor-widget-text-editor\" data-id=\"8a29bff\" data-element_type=\"widget\" data-e-type=\"widget\" data-widget_type=\"text-editor.default\">\n\t\t\t\t<div class=\"elementor-widget-container\">\n\t\t\t\t\t\t\t\t\t<p>Entre deux services, prenez une pause gourmande face aux montagnes !<\/p><p>Le Snack de La Ferme vous accueille tous les jours de juillet et ao\u00fbt, de 14h30 \u00e0 17h30, sur notre grande terrasse situ\u00e9e au c\u0153ur du col, \u00e0 c\u00f4t\u00e9 du stand parapente Push Up.<\/p><p>Ici, on vous propose des en-cas savoureux, pr\u00e9par\u00e9s avec nos produits r\u00e9gionaux et ceux de la ferme.<\/p><p>\u00c0 d\u00e9guster sur place ou \u00e0 emporter!<\/p>\t\t\t\t\t\t\t\t<\/div>\n\t\t\t\t<\/div>\n\t\t\t\t<\/div>\n\t\t\t\t<\/div>\n\t\t<div class=\"elementor-element elementor-element-7a4f75a e-flex e-con-boxed e-con e-parent\" data-id=\"7a4f75a\" data-element_type=\"container\" data-e-type=\"container\" data-settings=\"{&quot;background_background&quot;:&quot;classic&quot;}\">\n\t\t\t\t\t<div class=\"e-con-inner\">\n\t\t<div class=\"elementor-element elementor-element-18cfad3 e-con-full e-flex e-con e-child\" data-id=\"18cfad3\" data-element_type=\"container\" data-e-type=\"container\">\n\t\t\t\t<div class=\"elementor-element elementor-element-5f5d844 elementor-widget elementor-widget-heading\" data-id=\"5f5d844\" data-element_type=\"widget\" data-e-type=\"widget\" data-widget_type=\"heading.default\">\n\t\t\t\t<div class=\"elementor-widget-container\">\n\t\t\t\t\t<h2 class=\"elementor-heading-title elementor-size-default\">D\u00e9couvrez nos offres<\/h2>\t\t\t\t<\/div>\n\t\t\t\t<\/div>\n\t\t\t\t<div class=\"elementor-element elementor-element-bb1b433 elementor-align-center elementor-widget elementor-widget-button\" data-id=\"bb1b433\" data-element_type=\"widget\" data-e-type=\"widget\" data-widget_type=\"button.default\">\n\t\t\t\t<div class=\"elementor-widget-container\">\n\t\t\t\t\t\t\t\t\t<div class=\"elementor-button-wrapper\">\n\t\t\t\t\t<a class=\"elementor-button elementor-button-link elementor-size-sm\" href=\"https:\/\/www.snack-coldelaforclaz.fr\/index.php\/galerie\/\">\n\t\t\t\t\t\t<span class=\"elementor-button-content-wrapper\">\n\t\t\t\t\t\t\t\t\t<span class=\"elementor-button-text\">Voir la carte<\/span>\n\t\t\t\t\t<\/span>\n\t\t\t\t\t<\/a>\n\t\t\t\t<\/div>\n\t\t\t\t\t\t\t\t<\/div>\n\t\t\t\t<\/div>\n\t\t\t\t<\/div>\n\t\t<div class=\"elementor-element elementor-element-7a62b48 e-con-full e-flex e-con e-child\" data-id=\"7a62b48\" data-element_type=\"container\" data-e-type=\"container\">\n\t\t\t\t<div class=\"elementor-element elementor-element-b906694 elementor-widget elementor-widget-shortcode\" data-id=\"b906694\" data-element_type=\"widget\" data-e-type=\"widget\" data-widget_type=\"shortcode.default\">\n\t\t\t\t<div class=\"elementor-widget-container\">\n\t\t\t\t\t\t\t<div class=\"elementor-shortcode\"><div id=\"metaslider-id-106\" style=\"width: 100%;\" class=\"ml-slider-3-107-0 metaslider metaslider-flex metaslider-106 ml-slider has-dots-nav ms-theme-default-base\" role=\"region\" aria-label=\"Nouveau diaporama\" data-height=\"300\" data-width=\"700\">\n    <div id=\"metaslider_container_106\">\n        <div id=\"metaslider_106\">\n            <ul aria-live='off' class='slides'>\n                <li style=\"display: block; width: 100%;\" class=\"slide-107 ms-image \" aria-roledescription=\"slide\" data-date=\"2025-12-11 15:05:16\" data-filename=\"gros-plan-du-dessert-a-la-creme-glacee-avec-des-fruits-et-de-la-creme-fouettee-2-scaled-700x300.jpg\" data-slide-type=\"image\"><img fetchpriority=\"high\" decoding=\"async\" src=\"https:\/\/www.snack-coldelaforclaz.fr\/wp-content\/uploads\/2025\/12\/gros-plan-du-dessert-a-la-creme-glacee-avec-des-fruits-et-de-la-creme-fouettee-2-scaled-700x300.jpg\" height=\"300\" width=\"700\" alt=\"\" class=\"slider-106 slide-107 msDefaultImage\" title=\"gros-plan-du-dessert-a-la-creme-glacee-avec-des-fruits-et-de-la-creme-fouettee-2\" \/><\/li>\n                <li style=\"display: none; width: 100%;\" class=\"slide-108 ms-image \" aria-roledescription=\"slide\" data-date=\"2025-12-11 15:06:33\" data-filename=\"delicieux-dessert-crepe-d-hiver-et-vue-de-dessus-de-sucre-1-scaled-700x300.jpg\" data-slide-type=\"image\"><img decoding=\"async\" src=\"https:\/\/www.snack-coldelaforclaz.fr\/wp-content\/uploads\/2025\/12\/delicieux-dessert-crepe-d-hiver-et-vue-de-dessus-de-sucre-1-scaled-700x300.jpg\" height=\"300\" width=\"700\" alt=\"\" class=\"slider-106 slide-108 msDefaultImage\" title=\"delicieux-dessert-crepe-d-hiver-et-vue-de-dessus-de-sucre\" \/><\/li>\n                <li style=\"display: none; width: 100%;\" class=\"slide-115 ms-image \" aria-roledescription=\"slide\" data-date=\"2025-12-11 15:08:44\" data-filename=\"299119859_370987325221616_8340619304044000834_n-700x300.jpg\" data-slide-type=\"image\"><img decoding=\"async\" src=\"https:\/\/www.snack-coldelaforclaz.fr\/wp-content\/uploads\/2025\/12\/299119859_370987325221616_8340619304044000834_n-700x300.jpg\" height=\"300\" width=\"700\" alt=\"\" class=\"slider-106 slide-115 msDefaultImage\" title=\"299119859_370987325221616_8340619304044000834_n\" \/><\/li>\n                <li style=\"display: none; width: 100%;\" class=\"slide-118 ms-image \" aria-roledescription=\"slide\" data-date=\"2025-12-11 15:08:44\" data-filename=\"20240412_143004-scaled-700x300.jpg\" data-slide-type=\"image\"><img loading=\"lazy\" decoding=\"async\" src=\"https:\/\/www.snack-coldelaforclaz.fr\/wp-content\/uploads\/2025\/12\/20240412_143004-scaled-700x300.jpg\" height=\"300\" width=\"700\" alt=\"\" class=\"slider-106 slide-118 msDefaultImage\" title=\"20240412_143004\" \/><\/li>\n                <li style=\"display: none; width: 100%;\" class=\"slide-119 ms-image \" aria-roledescription=\"slide\" data-date=\"2025-12-11 15:08:44\" data-filename=\"candlemas-4840947_640-700x300.jpg\" data-slide-type=\"image\"><img loading=\"lazy\" decoding=\"async\" src=\"https:\/\/www.snack-coldelaforclaz.fr\/wp-content\/uploads\/2025\/12\/candlemas-4840947_640-700x300.jpg\" height=\"300\" width=\"700\" alt=\"\" class=\"slider-106 slide-119 msDefaultImage\" title=\"candlemas-4840947_640\" \/><\/li>\n            <\/ul>\n        <\/div>\n        \n    <\/div>\n<\/div><\/div>\n\t\t\t\t\t\t<\/div>\n\t\t\t\t<\/div>\n\t\t\t\t<\/div>\n\t\t\t\t\t<\/div>\n\t\t\t\t<\/div>\n\t\t<div class=\"elementor-element elementor-element-7cee289 e-flex e-con-boxed e-con e-parent\" data-id=\"7cee289\" data-element_type=\"container\" data-e-type=\"container\" data-settings=\"{&quot;background_background&quot;:&quot;classic&quot;}\">\n\t\t\t\t\t<div class=\"e-con-inner\">\n\t\t\t\t<div class=\"elementor-element elementor-element-9226c7c elementor-widget elementor-widget-heading\" data-id=\"9226c7c\" data-element_type=\"widget\" data-e-type=\"widget\" data-widget_type=\"heading.default\">\n\t\t\t\t<div class=\"elementor-widget-container\">\n\t\t\t\t\t<h2 class=\"elementor-heading-title elementor-size-default\">Goutez la Montagne....<\/h2>\t\t\t\t<\/div>\n\t\t\t\t<\/div>\n\t\t\t\t<div class=\"elementor-element elementor-element-fb579b9 elementor-widget elementor-widget-text-editor\" data-id=\"fb579b9\" data-element_type=\"widget\" data-e-type=\"widget\" data-widget_type=\"text-editor.default\">\n\t\t\t\t<div class=\"elementor-widget-container\">\n\t\t\t\t\t\t\t\t\t<p>Au c\u0153ur du col de la Forclaz, le Snack de La Ferme vous invite \u00e0 savourer l\u2019apr\u00e8s-midi autrement.<br \/>Cr\u00eapes maison, galettes gourmandes, paninis montagnards, glaces artisanales\u2026 ici, chaque pause a le go\u00fbt du terroir.<\/p><p>Installez-vous sur notre grande terrasse, profitez du soleil, respirez l\u2019air pur et laissez-vous s\u00e9duire par des produits simples, locaux et faits avec amour.<br \/>Que vous reveniez d\u2019une rando, que vous attendiez un vol en parapente ou que vous cherchiez juste une douceur \u00e0 partager, la montagne se go\u00fbte ici, entre 14h30 et 17h30.<\/p><p>Prenez le temps, faites-vous plaisir.<br \/>La montagne n\u2019a jamais \u00e9t\u00e9 aussi savoureuse.<\/p>\t\t\t\t\t\t\t\t<\/div>\n\t\t\t\t<\/div>\n\t\t\t\t\t<\/div>\n\t\t\t\t<\/div>\n\t\t<div class=\"elementor-element elementor-element-fab8f5a e-flex e-con-boxed e-con e-parent\" data-id=\"fab8f5a\" data-element_type=\"container\" data-e-type=\"container\">\n\t\t\t\t\t<div class=\"e-con-inner\">\n\t\t<div class=\"elementor-element elementor-element-3a69563 e-con-full e-flex e-con e-child\" data-id=\"3a69563\" data-element_type=\"container\" data-e-type=\"container\">\n\t\t\t\t<div class=\"elementor-element elementor-element-b1ed97b elementor-widget elementor-widget-image\" data-id=\"b1ed97b\" data-element_type=\"widget\" data-e-type=\"widget\" data-widget_type=\"image.default\">\n\t\t\t\t<div class=\"elementor-widget-container\">\n\t\t\t\t\t\t\t\t\t\t\t\t\t\t\t<img loading=\"lazy\" decoding=\"async\" width=\"683\" height=\"1024\" src=\"https:\/\/www.snack-coldelaforclaz.fr\/wp-content\/uploads\/2025\/12\/vol-en-parapente-au-dessus-de-bellegarde-sur-valserine-au-depart-de-sorgia-ain-france-683x1024.jpg\" class=\"attachment-large size-large wp-image-52\" alt=\"\" srcset=\"https:\/\/www.snack-coldelaforclaz.fr\/wp-content\/uploads\/2025\/12\/vol-en-parapente-au-dessus-de-bellegarde-sur-valserine-au-depart-de-sorgia-ain-france-683x1024.jpg 683w, https:\/\/www.snack-coldelaforclaz.fr\/wp-content\/uploads\/2025\/12\/vol-en-parapente-au-dessus-de-bellegarde-sur-valserine-au-depart-de-sorgia-ain-france-200x300.jpg 200w, https:\/\/www.snack-coldelaforclaz.fr\/wp-content\/uploads\/2025\/12\/vol-en-parapente-au-dessus-de-bellegarde-sur-valserine-au-depart-de-sorgia-ain-france-768x1152.jpg 768w, https:\/\/www.snack-coldelaforclaz.fr\/wp-content\/uploads\/2025\/12\/vol-en-parapente-au-dessus-de-bellegarde-sur-valserine-au-depart-de-sorgia-ain-france-1024x1536.jpg 1024w, https:\/\/www.snack-coldelaforclaz.fr\/wp-content\/uploads\/2025\/12\/vol-en-parapente-au-dessus-de-bellegarde-sur-valserine-au-depart-de-sorgia-ain-france-1365x2048.jpg 1365w, https:\/\/www.snack-coldelaforclaz.fr\/wp-content\/uploads\/2025\/12\/vol-en-parapente-au-dessus-de-bellegarde-sur-valserine-au-depart-de-sorgia-ain-france-scaled.jpg 1706w\" sizes=\"(max-width: 683px) 100vw, 683px\" \/>\t\t\t\t\t\t\t\t\t\t\t\t\t\t\t<\/div>\n\t\t\t\t<\/div>\n\t\t\t\t<div class=\"elementor-element elementor-element-c67f012 elementor-align-center elementor-widget elementor-widget-button\" data-id=\"c67f012\" data-element_type=\"widget\" data-e-type=\"widget\" data-widget_type=\"button.default\">\n\t\t\t\t<div class=\"elementor-widget-container\">\n\t\t\t\t\t\t\t\t\t<div class=\"elementor-button-wrapper\">\n\t\t\t\t\t<a class=\"elementor-button elementor-button-link elementor-size-sm\" href=\"https:\/\/www.snack-coldelaforclaz.fr\/index.php\/contact\/\">\n\t\t\t\t\t\t<span class=\"elementor-button-content-wrapper\">\n\t\t\t\t\t\t\t\t\t<span class=\"elementor-button-text\">Par ici!<\/span>\n\t\t\t\t\t<\/span>\n\t\t\t\t\t<\/a>\n\t\t\t\t<\/div>\n\t\t\t\t\t\t\t\t<\/div>\n\t\t\t\t<\/div>\n\t\t\t\t<\/div>\n\t\t<div class=\"elementor-element elementor-element-5fad013 e-con-full e-flex e-con e-child\" data-id=\"5fad013\" data-element_type=\"container\" data-e-type=\"container\">\n\t\t\t\t<div class=\"elementor-element elementor-element-3b009d8 elementor-widget elementor-widget-image\" data-id=\"3b009d8\" data-element_type=\"widget\" data-e-type=\"widget\" data-widget_type=\"image.default\">\n\t\t\t\t<div class=\"elementor-widget-container\">\n\t\t\t\t\t\t\t\t\t\t\t\t\t\t\t<img decoding=\"async\" src=\"https:\/\/www.snack-coldelaforclaz.fr\/wp-content\/uploads\/2025\/12\/randonneurs-scaled.jpg\" title=\"randonneurs\" alt=\"randonneurs\" loading=\"lazy\" \/>\t\t\t\t\t\t\t\t\t\t\t\t\t\t\t<\/div>\n\t\t\t\t<\/div>\n\t\t\t\t<div class=\"elementor-element elementor-element-93a7a59 elementor-align-center elementor-widget elementor-widget-button\" data-id=\"93a7a59\" data-element_type=\"widget\" data-e-type=\"widget\" data-widget_type=\"button.default\">\n\t\t\t\t<div class=\"elementor-widget-container\">\n\t\t\t\t\t\t\t\t\t<div class=\"elementor-button-wrapper\">\n\t\t\t\t\t<a class=\"elementor-button elementor-button-link elementor-size-sm\" href=\"https:\/\/www.snack-coldelaforclaz.fr\/index.php\/contact\/\">\n\t\t\t\t\t\t<span class=\"elementor-button-content-wrapper\">\n\t\t\t\t\t\t\t\t\t<span class=\"elementor-button-text\">Par ici!<\/span>\n\t\t\t\t\t<\/span>\n\t\t\t\t\t<\/a>\n\t\t\t\t<\/div>\n\t\t\t\t\t\t\t\t<\/div>\n\t\t\t\t<\/div>\n\t\t\t\t<\/div>\n\t\t<div class=\"elementor-element elementor-element-44d3069 e-con-full e-flex e-con e-child\" data-id=\"44d3069\" data-element_type=\"container\" data-e-type=\"container\">\n\t\t\t\t<div class=\"elementor-element elementor-element-d568d4f elementor-widget elementor-widget-image\" data-id=\"d568d4f\" data-element_type=\"widget\" data-e-type=\"widget\" data-widget_type=\"image.default\">\n\t\t\t\t<div class=\"elementor-widget-container\">\n\t\t\t\t\t\t\t\t\t\t\t\t\t\t\t<img decoding=\"async\" src=\"https:\/\/www.snack-coldelaforclaz.fr\/wp-content\/uploads\/2025\/12\/vue-de-petits-enfants-avec-des-sacs-a-dos-passant-du-temps-dans-la-nature-a-l-exterieur.jpg\" class=\"attachment-full size-full wp-image-53\" alt=\"\" \/>\t\t\t\t\t\t\t\t\t\t\t\t\t\t\t<\/div>\n\t\t\t\t<\/div>\n\t\t\t\t<div class=\"elementor-element elementor-element-4a803c1 elementor-align-center elementor-widget elementor-widget-button\" data-id=\"4a803c1\" data-element_type=\"widget\" data-e-type=\"widget\" data-widget_type=\"button.default\">\n\t\t\t\t<div class=\"elementor-widget-container\">\n\t\t\t\t\t\t\t\t\t<div class=\"elementor-button-wrapper\">\n\t\t\t\t\t<a class=\"elementor-button elementor-button-link elementor-size-sm\" href=\"https:\/\/www.snack-coldelaforclaz.fr\/index.php\/contact\/\">\n\t\t\t\t\t\t<span class=\"elementor-button-content-wrapper\">\n\t\t\t\t\t\t\t\t\t<span class=\"elementor-button-text\">Par ici !<\/span>\n\t\t\t\t\t<\/span>\n\t\t\t\t\t<\/a>\n\t\t\t\t<\/div>\n\t\t\t\t\t\t\t\t<\/div>\n\t\t\t\t<\/div>\n\t\t\t\t<\/div>\n\t\t\t\t\t<\/div>\n\t\t\t\t<\/div>\n\t\t<div class=\"elementor-element elementor-element-b09c901 e-flex e-con-boxed e-con e-parent\" data-id=\"b09c901\" data-element_type=\"container\" data-e-type=\"container\" id=\"titre-flou\">\n\t\t\t\t\t<div class=\"e-con-inner\">\n\t\t\t\t<div class=\"elementor-element elementor-element-6127b6e elementor-widget elementor-widget-heading\" data-id=\"6127b6e\" data-element_type=\"widget\" data-e-type=\"widget\" data-widget_type=\"heading.default\">\n\t\t\t\t<div class=\"elementor-widget-container\">\n\t\t\t\t\t<h2 class=\"elementor-heading-title elementor-size-default\">Profitez d' une terrasse panoramique<\/h2>\t\t\t\t<\/div>\n\t\t\t\t<\/div>\n\t\t\t\t<div class=\"elementor-element elementor-element-4203175 elementor-widget elementor-widget-image\" data-id=\"4203175\" data-element_type=\"widget\" data-e-type=\"widget\" data-widget_type=\"image.default\">\n\t\t\t\t<div class=\"elementor-widget-container\">\n\t\t\t\t\t\t\t\t\t\t\t\t\t\t\t<img loading=\"lazy\" decoding=\"async\" width=\"800\" height=\"600\" src=\"https:\/\/www.snack-coldelaforclaz.fr\/wp-content\/uploads\/2026\/01\/20241031_103446-1024x768.jpg\" class=\"attachment-large size-large wp-image-478\" alt=\"Vue sur les montagnes depuis la terrasse de la Ferme restaurant au col de la Forclaz\" srcset=\"https:\/\/www.snack-coldelaforclaz.fr\/wp-content\/uploads\/2026\/01\/20241031_103446-1024x768.jpg 1024w, https:\/\/www.snack-coldelaforclaz.fr\/wp-content\/uploads\/2026\/01\/20241031_103446-300x225.jpg 300w, https:\/\/www.snack-coldelaforclaz.fr\/wp-content\/uploads\/2026\/01\/20241031_103446-768x576.jpg 768w, https:\/\/www.snack-coldelaforclaz.fr\/wp-content\/uploads\/2026\/01\/20241031_103446-1536x1152.jpg 1536w, https:\/\/www.snack-coldelaforclaz.fr\/wp-content\/uploads\/2026\/01\/20241031_103446-2048x1536.jpg 2048w, https:\/\/www.snack-coldelaforclaz.fr\/wp-content\/uploads\/2026\/01\/20241031_103446-600x450.jpg 600w\" sizes=\"(max-width: 800px) 100vw, 800px\" \/>\t\t\t\t\t\t\t\t\t\t\t\t\t\t\t<\/div>\n\t\t\t\t<\/div>\n\t\t\t\t\t<\/div>\n\t\t\t\t<\/div>\n\t\t<div class=\"elementor-element elementor-element-c740d13 e-flex e-con-boxed e-con e-parent\" data-id=\"c740d13\" data-element_type=\"container\" data-e-type=\"container\">\n\t\t\t\t\t<div class=\"e-con-inner\">\n\t\t\t\t\t<\/div>\n\t\t\t\t<\/div>\n\t\t\t\t<\/div>\n\t\t","protected":false},"excerpt":{"rendered":"<p>A la Ferme du Col de la Forclaz Entre deux services, prenez une pause gourmande face aux montagnes ! Le Snack de La Ferme vous accueille tous les jours de juillet et ao\u00fbt, de 14h30 \u00e0 17h30, sur notre grande terrasse situ\u00e9e au c\u0153ur du col, \u00e0 c\u00f4t\u00e9 du stand parapente Push Up. Ici, on [&hellip;]<\/p>\n","protected":false},"author":1,"featured_media":0,"parent":0,"menu_order":0,"comment_status":"closed","ping_status":"closed","template":"","meta":{"footnotes":""},"class_list":["post-6","page","type-page","status-publish","hentry"],"_links":{"self":[{"href":"https:\/\/www.snack-coldelaforclaz.fr\/index.php\/wp-json\/wp\/v2\/pages\/6","targetHints":{"allow":["GET"]}}],"collection":[{"href":"https:\/\/www.snack-coldelaforclaz.fr\/index.php\/wp-json\/wp\/v2\/pages"}],"about":[{"href":"https:\/\/www.snack-coldelaforclaz.fr\/index.php\/wp-json\/wp\/v2\/types\/page"}],"author":[{"embeddable":true,"href":"https:\/\/www.snack-coldelaforclaz.fr\/index.php\/wp-json\/wp\/v2\/users\/1"}],"replies":[{"embeddable":true,"href":"https:\/\/www.snack-coldelaforclaz.fr\/index.php\/wp-json\/wp\/v2\/comments?post=6"}],"version-history":[{"count":153,"href":"https:\/\/www.snack-coldelaforclaz.fr\/index.php\/wp-json\/wp\/v2\/pages\/6\/revisions"}],"predecessor-version":[{"id":539,"href":"https:\/\/www.snack-coldelaforclaz.fr\/index.php\/wp-json\/wp\/v2\/pages\/6\/revisions\/539"}],"wp:attachment":[{"href":"https:\/\/www.snack-coldelaforclaz.fr\/index.php\/wp-json\/wp\/v2\/media?parent=6"}],"curies":[{"name":"wp","href":"https:\/\/api.w.org\/{rel}","templated":true}]}}