{"id":561,"date":"2026-01-23T09:47:45","date_gmt":"2026-01-23T08:47:45","guid":{"rendered":"https:\/\/www.snack-coldelaforclaz.fr\/?page_id=561"},"modified":"2026-01-23T10:35:35","modified_gmt":"2026-01-23T09:35:35","slug":"mentions-legales","status":"publish","type":"page","link":"https:\/\/www.snack-coldelaforclaz.fr\/index.php\/mentions-legales\/","title":{"rendered":"Mentions l\u00e9gales"},"content":{"rendered":"\n<p><\/p>\n\n\n\n<p><\/p>\n\n\n\n<p><strong>Mentions l\u00e9gales<\/strong><\/p>\n\n\n\n<p>Conform\u00e9ment aux dispositions de la loi n\u00b02004-575 du 21 juin 2004 pour la confiance dans l\u2019\u00e9conomie num\u00e9rique, il est pr\u00e9cis\u00e9 aux utilisateurs du site <em>snack-coldelaforclaz.fr<\/em> l\u2019identit\u00e9 des diff\u00e9rents intervenants dans le cadre de sa r\u00e9alisation et de son suivi.<\/p>\n\n\n\n<p><strong>H\u00e9bergement<\/strong><\/p>\n\n\n\n<p>Le site est h\u00e9berg\u00e9 par :<\/p>\n\n\n\n<p>OVH<br>2 rue Kellermann<br>59100 Roubaix \u2013 France<br>T\u00e9l\u00e9phone : 1007<\/p>\n\n\n\n<p><strong>Propri\u00e9t\u00e9 intellectuelle<\/strong><\/p>\n\n\n\n<p>L\u2019ensemble des contenus pr\u00e9sents sur le site <em>snack-coldelaforclaz.fr<\/em> (textes, images, photographies, logos, vid\u00e9os, graphismes, etc.) est prot\u00e9g\u00e9 par le droit d\u2019auteur et le droit de la propri\u00e9t\u00e9 intellectuelle.<\/p>\n\n\n\n<p>Toute reproduction, repr\u00e9sentation, modification, publication ou adaptation, totale ou partielle, de ces \u00e9l\u00e9ments, est interdite sans l\u2019autorisation \u00e9crite pr\u00e9alable de la SARL La Ferme des Hauts du Lac.<\/p>\n\n\n\n<p><strong>Responsabilit\u00e9<\/strong><\/p>\n\n\n\n<p>L\u2019\u00e9diteur du site s\u2019efforce de fournir des informations aussi pr\u00e9cises que possible. Toutefois, il ne pourra \u00eatre tenu responsable des omissions, des inexactitudes ou des carences dans la mise \u00e0 jour, qu\u2019elles soient de son fait ou du fait des tiers partenaires qui lui fournissent ces informations.<\/p>\n\n\n\n<p><strong>Donn\u00e9es personnelles<\/strong><\/p>\n\n\n\n<p>Le site <em>snack-coldelaforclaz.fr<\/em> ne collecte pas directement de donn\u00e9es personnelles :<\/p>\n\n\n\n<ul class=\"wp-block-list\">\n<li>pas de formulaire de contact,<\/li>\n\n\n\n<li>pas d\u2019inscription,<\/li>\n\n\n\n<li>pas de newsletter.<\/li>\n<\/ul>\n\n\n\n<p>Cependant, le site utilise <strong>Google Analytics<\/strong> \u00e0 des fins de mesure d\u2019audience. Cet outil peut d\u00e9poser des cookies et collecter des donn\u00e9es anonymis\u00e9es de navigation (pages consult\u00e9es, dur\u00e9e de visite, type d\u2019appareil, etc.).<\/p>\n\n\n\n<p>L\u2019utilisateur peut refuser les cookies via les param\u00e8tres de son navigateur.<\/p>\n\n\n\n<hr class=\"wp-block-separator has-alpha-channel-opacity\"\/>\n\n\n\n<p><strong>Cookies<\/strong><\/p>\n\n\n\n<p>Des cookies peuvent \u00eatre d\u00e9pos\u00e9s lors de la navigation afin de mesurer l\u2019audience et am\u00e9liorer l\u2019exp\u00e9rience utilisateur.<br>L\u2019utilisateur peut s\u2019opposer \u00e0 l\u2019enregistrement de cookies en configurant son navigateur.<\/p>\n","protected":false},"excerpt":{"rendered":"<p>Mentions l\u00e9gales Conform\u00e9ment aux dispositions de la loi n\u00b02004-575 du 21 juin 2004 pour la confiance dans l\u2019\u00e9conomie num\u00e9rique, il est pr\u00e9cis\u00e9 aux utilisateurs du site snack-coldelaforclaz.fr l\u2019identit\u00e9 des diff\u00e9rents intervenants dans le cadre de sa r\u00e9alisation et de son suivi. H\u00e9bergement Le site est h\u00e9berg\u00e9 par : OVH2 rue Kellermann59100 Roubaix \u2013 FranceT\u00e9l\u00e9phone : [&hellip;]<\/p>\n","protected":false},"author":1,"featured_media":0,"parent":0,"menu_order":0,"comment_status":"closed","ping_status":"closed","template":"","meta":{"footnotes":""},"class_list":["post-561","page","type-page","status-publish","hentry"],"_links":{"self":[{"href":"https:\/\/www.snack-coldelaforclaz.fr\/index.php\/wp-json\/wp\/v2\/pages\/561","targetHints":{"allow":["GET"]}}],"collection":[{"href":"https:\/\/www.snack-coldelaforclaz.fr\/index.php\/wp-json\/wp\/v2\/pages"}],"about":[{"href":"https:\/\/www.snack-coldelaforclaz.fr\/index.php\/wp-json\/wp\/v2\/types\/page"}],"author":[{"embeddable":true,"href":"https:\/\/www.snack-coldelaforclaz.fr\/index.php\/wp-json\/wp\/v2\/users\/1"}],"replies":[{"embeddable":true,"href":"https:\/\/www.snack-coldelaforclaz.fr\/index.php\/wp-json\/wp\/v2\/comments?post=561"}],"version-history":[{"count":3,"href":"https:\/\/www.snack-coldelaforclaz.fr\/index.php\/wp-json\/wp\/v2\/pages\/561\/revisions"}],"predecessor-version":[{"id":581,"href":"https:\/\/www.snack-coldelaforclaz.fr\/index.php\/wp-json\/wp\/v2\/pages\/561\/revisions\/581"}],"wp:attachment":[{"href":"https:\/\/www.snack-coldelaforclaz.fr\/index.php\/wp-json\/wp\/v2\/media?parent=561"}],"curies":[{"name":"wp","href":"https:\/\/api.w.org\/{rel}","templated":true}]}}